{"id":1437,"date":"2022-10-27T13:57:16","date_gmt":"2022-10-27T11:57:16","guid":{"rendered":"https:\/\/nexus-hydrogen.com\/?page_id=1437"},"modified":"2022-11-28T19:32:38","modified_gmt":"2022-11-28T18:32:38","slug":"proyectos","status":"publish","type":"page","link":"https:\/\/nexus-hydrogen.com\/en\/proyectos\/","title":{"rendered":"Projects"},"content":{"rendered":"<div data-elementor-type=\"wp-page\" data-elementor-id=\"1437\" class=\"elementor elementor-1437\">\n\t\t\t\t\t\t<section class=\"elementor-section elementor-top-section elementor-element elementor-element-12985ed5 elementor-section-full_width elementor-section-height-min-height elementor-section-height-default elementor-section-items-middle\" data-id=\"12985ed5\" data-element_type=\"section\" data-settings=\"{&quot;background_background&quot;:&quot;classic&quot;}\">\n\t\t\t\t\t\t\t<div class=\"elementor-background-overlay\"><\/div>\n\t\t\t\t\t\t\t<div class=\"elementor-container elementor-column-gap-default\">\n\t\t\t\t\t<div class=\"elementor-column elementor-col-100 elementor-top-column elementor-element elementor-element-48f16bec\" data-id=\"48f16bec\" data-element_type=\"column\">\n\t\t\t<div class=\"elementor-widget-wrap elementor-element-populated\">\n\t\t\t\t\t\t<div class=\"elementor-element elementor-element-1bd52628 elementor-widget elementor-widget-heading\" data-id=\"1bd52628\" data-element_type=\"widget\" data-widget_type=\"heading.default\">\n\t\t\t\t<div class=\"elementor-widget-container\">\n\t\t\t<h1 class=\"elementor-heading-title elementor-size-default\">Projects<\/h1>\t\t<\/div>\n\t\t\t\t<\/div>\n\t\t\t\t\t<\/div>\n\t\t<\/div>\n\t\t\t\t\t<\/div>\n\t\t<\/section>\n\t\t\t\t<section class=\"elementor-section elementor-top-section elementor-element elementor-element-c628eca elementor-section-boxed elementor-section-height-default elementor-section-height-default\" data-id=\"c628eca\" data-element_type=\"section\">\n\t\t\t\t\t\t\t<div class=\"elementor-background-overlay\"><\/div>\n\t\t\t\t\t\t\t<div class=\"elementor-container elementor-column-gap-default\">\n\t\t\t\t\t<div class=\"elementor-column elementor-col-100 elementor-top-column elementor-element elementor-element-ed59968\" data-id=\"ed59968\" data-element_type=\"column\">\n\t\t\t<div class=\"elementor-widget-wrap elementor-element-populated\">\n\t\t\t\t\t\t<div class=\"elementor-element elementor-element-9361c0c elementor-widget elementor-widget-text-editor\" data-id=\"9361c0c\" data-element_type=\"widget\" data-widget_type=\"text-editor.default\">\n\t\t\t\t<div class=\"elementor-widget-container\">\n\t\t\t\t\t\t\tBIO-H2 proposes a biological green H2-generation system which uses organic matter from wastewater as a substrate. This system is proposed as an economical and modular solution that allows wastewater recovery in the industry.\t\t\t\t\t\t<\/div>\n\t\t\t\t<\/div>\n\t\t\t\t\t<\/div>\n\t\t<\/div>\n\t\t\t\t\t<\/div>\n\t\t<\/section>\n\t\t\t\t<section class=\"elementor-section elementor-top-section elementor-element elementor-element-f8550d4 elementor-reverse-mobile elementor-section-boxed elementor-section-height-default elementor-section-height-default\" data-id=\"f8550d4\" data-element_type=\"section\" data-settings=\"{&quot;background_background&quot;:&quot;classic&quot;}\">\n\t\t\t\t\t\t<div class=\"elementor-container elementor-column-gap-no\">\n\t\t\t\t\t<div class=\"elementor-column elementor-col-50 elementor-top-column elementor-element elementor-element-0ee7c79\" data-id=\"0ee7c79\" data-element_type=\"column\" data-settings=\"{&quot;background_background&quot;:&quot;classic&quot;}\">\n\t\t\t<div class=\"elementor-widget-wrap elementor-element-populated\">\n\t\t\t\t\t<div class=\"elementor-background-overlay\"><\/div>\n\t\t\t\t\t\t<div class=\"elementor-element elementor-element-6a04a93 elementor-widget elementor-widget-spacer\" data-id=\"6a04a93\" data-element_type=\"widget\" data-widget_type=\"spacer.default\">\n\t\t\t\t<div class=\"elementor-widget-container\">\n\t\t\t\t\t<div class=\"elementor-spacer\">\n\t\t\t<div class=\"elementor-spacer-inner\"><\/div>\n\t\t<\/div>\n\t\t\t\t<\/div>\n\t\t\t\t<\/div>\n\t\t\t\t\t<\/div>\n\t\t<\/div>\n\t\t\t\t<div class=\"elementor-column elementor-col-50 elementor-top-column elementor-element elementor-element-1285cae\" data-id=\"1285cae\" data-element_type=\"column\" data-settings=\"{&quot;background_background&quot;:&quot;classic&quot;}\">\n\t\t\t<div class=\"elementor-widget-wrap elementor-element-populated\">\n\t\t\t\t\t\t<div class=\"elementor-element elementor-element-67a88c3 elementor-widget elementor-widget-heading\" data-id=\"67a88c3\" data-element_type=\"widget\" data-widget_type=\"heading.default\">\n\t\t\t\t<div class=\"elementor-widget-container\">\n\t\t\t<h2 class=\"elementor-heading-title elementor-size-default\">BIO-H<small>2<\/small><\/h2>\t\t<\/div>\n\t\t\t\t<\/div>\n\t\t\t\t<div class=\"elementor-element elementor-element-e20e3f2 elementor-widget elementor-widget-text-editor\" data-id=\"e20e3f2\" data-element_type=\"widget\" data-widget_type=\"text-editor.default\">\n\t\t\t\t<div class=\"elementor-widget-container\">\n\t\t\t\t\t\t\tBIO-H2 proposes a system for the generation of biological green H2, using organic matter from wastewater as a substrate. This system is proposed as an economical and modular solution that allows the recovery of wastewater in industry.\t\t\t\t\t\t<\/div>\n\t\t\t\t<\/div>\n\t\t\t\t<div class=\"elementor-element elementor-element-794851a elementor-align-right boton-esquema elementor-widget elementor-widget-button\" data-id=\"794851a\" data-element_type=\"widget\" data-widget_type=\"button.default\">\n\t\t\t\t<div class=\"elementor-widget-container\">\n\t\t\t\t\t<div class=\"elementor-button-wrapper\">\n\t\t\t<a class=\"elementor-button elementor-button-link elementor-size-sm\" href=\"http:\/\/www.rivi.net\/noticias\/bio-h2-biotecnologia-aplicada-produccion-biologica-hidrogeno-2284.html\" target=\"_blank\">\n\t\t\t\t\t\t<span class=\"elementor-button-content-wrapper\">\n\t\t\t\t\t\t\t\t\t<span class=\"elementor-button-text\">See more<\/span>\n\t\t\t\t\t<\/span>\n\t\t\t\t\t<\/a>\n\t\t<\/div>\n\t\t\t\t<\/div>\n\t\t\t\t<\/div>\n\t\t\t\t\t<\/div>\n\t\t<\/div>\n\t\t\t\t\t<\/div>\n\t\t<\/section>\n\t\t\t\t<\/div>","protected":false},"excerpt":{"rendered":"<p>Proyectos En este espacio se explican algunos proyectos desarrollados por NEXUS-HYDROGEN en su campo de actuacio\u0301n. Podra\u0301s ver algunas fotos de los mismos y conocer ma\u0301s detalles sobre las actividades de la compan\u0303i\u0301a. Eficiencia, creatividad, innovacio\u0301n e ingenieri\u0301a son so\u0301lo algunos de los rasgos que encontrara\u0301s en los proyectos de NEXUS. BIO-H2 BIO-H2 propone un [&hellip;]<\/p>\n","protected":false},"author":1,"featured_media":0,"parent":0,"menu_order":0,"comment_status":"closed","ping_status":"closed","template":"","meta":{"site-sidebar-layout":"no-sidebar","site-content-layout":"page-builder","ast-site-content-layout":"default","site-content-style":"default","site-sidebar-style":"default","ast-global-header-display":"","ast-banner-title-visibility":"","ast-main-header-display":"","ast-hfb-above-header-display":"","ast-hfb-below-header-display":"","ast-hfb-mobile-header-display":"","site-post-title":"disabled","ast-breadcrumbs-content":"disabled","ast-featured-img":"disabled","footer-sml-layout":"","ast-disable-related-posts":"","theme-transparent-header-meta":"enabled","adv-header-id-meta":"","stick-header-meta":"","header-above-stick-meta":"","header-main-stick-meta":"","header-below-stick-meta":"","astra-migrate-meta-layouts":"default","ast-page-background-enabled":"default","ast-page-background-meta":{"desktop":{"background-color":"","background-image":"","background-repeat":"repeat","background-position":"center center","background-size":"auto","background-attachment":"scroll","background-type":"","background-media":"","overlay-type":"","overlay-color":"","overlay-opacity":"","overlay-gradient":""},"tablet":{"background-color":"","background-image":"","background-repeat":"repeat","background-position":"center center","background-size":"auto","background-attachment":"scroll","background-type":"","background-media":"","overlay-type":"","overlay-color":"","overlay-opacity":"","overlay-gradient":""},"mobile":{"background-color":"","background-image":"","background-repeat":"repeat","background-position":"center center","background-size":"auto","background-attachment":"scroll","background-type":"","background-media":"","overlay-type":"","overlay-color":"","overlay-opacity":"","overlay-gradient":""}},"ast-content-background-meta":{"desktop":{"background-color":"var(--ast-global-color-5)","background-image":"","background-repeat":"repeat","background-position":"center center","background-size":"auto","background-attachment":"scroll","background-type":"","background-media":"","overlay-type":"","overlay-color":"","overlay-opacity":"","overlay-gradient":""},"tablet":{"background-color":"var(--ast-global-color-5)","background-image":"","background-repeat":"repeat","background-position":"center center","background-size":"auto","background-attachment":"scroll","background-type":"","background-media":"","overlay-type":"","overlay-color":"","overlay-opacity":"","overlay-gradient":""},"mobile":{"background-color":"var(--ast-global-color-5)","background-image":"","background-repeat":"repeat","background-position":"center center","background-size":"auto","background-attachment":"scroll","background-type":"","background-media":"","overlay-type":"","overlay-color":"","overlay-opacity":"","overlay-gradient":""}}},"yoast_head":"<!-- This site is optimized with the Yoast SEO plugin v21.8.1 - https:\/\/yoast.com\/wordpress\/plugins\/seo\/ -->\n<title>Proyectos - Nexus Hydrogen: Circuitos y Tecnolog\u00edas de hidr\u00f3geno<\/title>\n<meta name=\"robots\" content=\"index, follow, max-snippet:-1, max-image-preview:large, max-video-preview:-1\" \/>\n<link rel=\"canonical\" href=\"https:\/\/nexus-hydrogen.com\/en\/projects\/\" \/>\n<meta property=\"og:locale\" content=\"en_GB\" \/>\n<meta property=\"og:type\" content=\"article\" \/>\n<meta property=\"og:title\" content=\"Proyectos - Nexus Hydrogen: Circuitos y Tecnolog\u00edas de hidr\u00f3geno\" \/>\n<meta property=\"og:description\" content=\"Proyectos En este espacio se explican algunos proyectos desarrollados por NEXUS-HYDROGEN en su campo de actuacio\u0301n. Podra\u0301s ver algunas fotos de los mismos y conocer ma\u0301s detalles sobre las actividades de la compan\u0303i\u0301a. Eficiencia, creatividad, innovacio\u0301n e ingenieri\u0301a son so\u0301lo algunos de los rasgos que encontrara\u0301s en los proyectos de NEXUS. BIO-H2 BIO-H2 propone un [&hellip;]\" \/>\n<meta property=\"og:url\" content=\"https:\/\/nexus-hydrogen.com\/en\/projects\/\" \/>\n<meta property=\"og:site_name\" content=\"Nexus Hydrogen: Circuitos y Tecnolog\u00edas de hidr\u00f3geno\" \/>\n<meta property=\"article:modified_time\" content=\"2022-11-28T18:32:38+00:00\" \/>\n<meta name=\"twitter:card\" content=\"summary_large_image\" \/>\n<meta name=\"twitter:label1\" content=\"Estimated reading time\" \/>\n\t<meta name=\"twitter:data1\" content=\"1 minute\" \/>\n<script type=\"application\/ld+json\" class=\"yoast-schema-graph\">{\"@context\":\"https:\/\/schema.org\",\"@graph\":[{\"@type\":\"WebPage\",\"@id\":\"https:\/\/nexus-hydrogen.com\/proyectos\/\",\"url\":\"https:\/\/nexus-hydrogen.com\/proyectos\/\",\"name\":\"Proyectos - Nexus Hydrogen: Circuitos y Tecnolog\u00edas de hidr\u00f3geno\",\"isPartOf\":{\"@id\":\"https:\/\/nexus-hydrogen.com\/#website\"},\"datePublished\":\"2022-10-27T11:57:16+00:00\",\"dateModified\":\"2022-11-28T18:32:38+00:00\",\"breadcrumb\":{\"@id\":\"https:\/\/nexus-hydrogen.com\/proyectos\/#breadcrumb\"},\"inLanguage\":\"en-GB\",\"potentialAction\":[{\"@type\":\"ReadAction\",\"target\":[\"https:\/\/nexus-hydrogen.com\/proyectos\/\"]}]},{\"@type\":\"BreadcrumbList\",\"@id\":\"https:\/\/nexus-hydrogen.com\/proyectos\/#breadcrumb\",\"itemListElement\":[{\"@type\":\"ListItem\",\"position\":1,\"name\":\"Portada\",\"item\":\"https:\/\/nexus-hydrogen.com\/\"},{\"@type\":\"ListItem\",\"position\":2,\"name\":\"Proyectos\"}]},{\"@type\":\"WebSite\",\"@id\":\"https:\/\/nexus-hydrogen.com\/#website\",\"url\":\"https:\/\/nexus-hydrogen.com\/\",\"name\":\"Nexus Hydrogen: Circuitos y Tecnolog\u00edas de hidr\u00f3geno\",\"description\":\"Especialistas en tecnolog\u00edas de hidr\u00f3geno y enlace a trav\u00e9s de tubo de hidr\u00f3geno y circuitos de fluidos y gases. Fabricaci\u00f3n e instalaciones en hidrogenera y para el sector del hidr\u00f3geno en Espa\u00f1a\",\"potentialAction\":[{\"@type\":\"SearchAction\",\"target\":{\"@type\":\"EntryPoint\",\"urlTemplate\":\"https:\/\/nexus-hydrogen.com\/?s={search_term_string}\"},\"query-input\":\"required name=search_term_string\"}],\"inLanguage\":\"en-GB\"}]}<\/script>\n<!-- \/ Yoast SEO plugin. -->","yoast_head_json":{"title":"Projects - Nexus Hydrogen: Hydrogen Circuits and Technologies","robots":{"index":"index","follow":"follow","max-snippet":"max-snippet:-1","max-image-preview":"max-image-preview:large","max-video-preview":"max-video-preview:-1"},"canonical":"https:\/\/nexus-hydrogen.com\/en\/projects\/","og_locale":"en_GB","og_type":"article","og_title":"Proyectos - Nexus Hydrogen: Circuitos y Tecnolog\u00edas de hidr\u00f3geno","og_description":"Proyectos En este espacio se explican algunos proyectos desarrollados por NEXUS-HYDROGEN en su campo de actuacio\u0301n. Podra\u0301s ver algunas fotos de los mismos y conocer ma\u0301s detalles sobre las actividades de la compan\u0303i\u0301a. Eficiencia, creatividad, innovacio\u0301n e ingenieri\u0301a son so\u0301lo algunos de los rasgos que encontrara\u0301s en los proyectos de NEXUS. BIO-H2 BIO-H2 propone un [&hellip;]","og_url":"https:\/\/nexus-hydrogen.com\/en\/projects\/","og_site_name":"Nexus Hydrogen: Circuitos y Tecnolog\u00edas de hidr\u00f3geno","article_modified_time":"2022-11-28T18:32:38+00:00","twitter_card":"summary_large_image","twitter_misc":{"Estimated reading time":"1 minute"},"schema":{"@context":"https:\/\/schema.org","@graph":[{"@type":"WebPage","@id":"https:\/\/nexus-hydrogen.com\/proyectos\/","url":"https:\/\/nexus-hydrogen.com\/proyectos\/","name":"Projects - Nexus Hydrogen: Hydrogen Circuits and Technologies","isPartOf":{"@id":"https:\/\/nexus-hydrogen.com\/#website"},"datePublished":"2022-10-27T11:57:16+00:00","dateModified":"2022-11-28T18:32:38+00:00","breadcrumb":{"@id":"https:\/\/nexus-hydrogen.com\/proyectos\/#breadcrumb"},"inLanguage":"en-GB","potentialAction":[{"@type":"ReadAction","target":["https:\/\/nexus-hydrogen.com\/proyectos\/"]}]},{"@type":"BreadcrumbList","@id":"https:\/\/nexus-hydrogen.com\/proyectos\/#breadcrumb","itemListElement":[{"@type":"ListItem","position":1,"name":"Portada","item":"https:\/\/nexus-hydrogen.com\/"},{"@type":"ListItem","position":2,"name":"Proyectos"}]},{"@type":"WebSite","@id":"https:\/\/nexus-hydrogen.com\/#website","url":"https:\/\/nexus-hydrogen.com\/","name":"Nexus Hydrogen: Hydrogen Circuits and Technologies","description":"Specialists in hydrogen and hydrogen tube linking technologies and fluid and gas circuits. Manufacture and installations in hydrogen plants and for the hydrogen sector in Spain.","potentialAction":[{"@type":"SearchAction","target":{"@type":"EntryPoint","urlTemplate":"https:\/\/nexus-hydrogen.com\/?s={search_term_string}"},"query-input":"required name=search_term_string"}],"inLanguage":"en-GB"}]}},"_links":{"self":[{"href":"https:\/\/nexus-hydrogen.com\/en\/wp-json\/wp\/v2\/pages\/1437"}],"collection":[{"href":"https:\/\/nexus-hydrogen.com\/en\/wp-json\/wp\/v2\/pages"}],"about":[{"href":"https:\/\/nexus-hydrogen.com\/en\/wp-json\/wp\/v2\/types\/page"}],"author":[{"embeddable":true,"href":"https:\/\/nexus-hydrogen.com\/en\/wp-json\/wp\/v2\/users\/1"}],"replies":[{"embeddable":true,"href":"https:\/\/nexus-hydrogen.com\/en\/wp-json\/wp\/v2\/comments?post=1437"}],"version-history":[{"count":16,"href":"https:\/\/nexus-hydrogen.com\/en\/wp-json\/wp\/v2\/pages\/1437\/revisions"}],"predecessor-version":[{"id":1591,"href":"https:\/\/nexus-hydrogen.com\/en\/wp-json\/wp\/v2\/pages\/1437\/revisions\/1591"}],"wp:attachment":[{"href":"https:\/\/nexus-hydrogen.com\/en\/wp-json\/wp\/v2\/media?parent=1437"}],"curies":[{"name":"wp","href":"https:\/\/api.w.org\/{rel}","templated":true}]}}